{"id":17,"date":"2024-09-02T12:02:49","date_gmt":"2024-09-02T12:02:49","guid":{"rendered":"http:\/\/sjdialog.webd.pro\/?page_id=17"},"modified":"2024-09-02T20:14:30","modified_gmt":"2024-09-02T20:14:30","slug":"strona-glowna","status":"publish","type":"page","link":"http:\/\/sjdialog.webd.pro\/","title":{"rendered":"Strona g\u0142\u00f3wna"},"content":{"rendered":"\n<div class=\"wp-block-cover alignfull is-repeated has-small-font-size\" style=\"padding-top:0;padding-bottom:0;min-height:500px;aspect-ratio:unset;\"><span aria-hidden=\"true\" class=\"wp-block-cover__background has-background-dim-0 has-background-dim\"><\/span><div class=\"wp-block-cover__image-background is-repeated\" style=\"background-position:66% 69%;background-image:url(http:\/\/sjdialog.webd.pro\/wp-content\/themes\/neve\/assets\/img\/starter-content\/neve-hero-2.png)\"><\/div><div class=\"wp-block-cover__inner-container is-layout-flow wp-block-cover-is-layout-flow\">\n<div class=\"wp-block-columns are-vertically-aligned-center is-layout-flex wp-container-core-columns-is-layout-1 wp-block-columns-is-layout-flex\">\n<div class=\"wp-block-column is-vertically-aligned-center is-layout-flow wp-block-column-is-layout-flow\" style=\"padding-right:var(--wp--preset--spacing--20);padding-left:var(--wp--preset--spacing--20);flex-basis:65%\">\n<div style=\"height:80px\" aria-hidden=\"true\" class=\"wp-block-spacer\"><\/div>\n\n\n\n<h1 class=\"wp-block-heading has-text-align-center has-nv-text-dark-bg-color has-text-color\">Twoje drzwi do \u015bwiata j\u0119zyk\u00f3w!<\/h1>\n\n\n\n<div class=\"wp-block-buttons is-horizontal is-content-justification-left is-layout-flex wp-container-core-buttons-is-layout-1 wp-block-buttons-is-layout-flex\">\n<div class=\"wp-block-button is-style-primary\"><a class=\"wp-block-button__link has-text-color has-background has-link-color wp-element-button\" href=\"http:\/\/sjdialog.webd.pro\/about\/\" style=\"color:#0a2279;background-color:#ffffff\">START<\/a><\/div>\n\n\n\n<div class=\"wp-block-button is-style-secondary\"><a class=\"wp-block-button__link has-nv-text-dark-bg-color has-text-color has-link-color wp-element-button\" href=\"http:\/\/sjdialog.webd.pro\/portofolio\/\">KONTAKT<\/a><\/div>\n<\/div>\n<\/div>\n\n\n\n<div class=\"wp-block-column is-vertically-aligned-center is-layout-flow wp-block-column-is-layout-flow\">\n<figure class=\"wp-block-image size-full\"><img decoding=\"async\" src=\"http:\/\/sjdialog.webd.pro\/wp-content\/themes\/neve\/assets\/img\/starter-content\/person-hero-2.png\" alt=\"\"\/><\/figure>\n<\/div>\n<\/div>\n<\/div><\/div>\n\n\n\n<div class=\"wp-block-group\"><div class=\"wp-block-group__inner-container is-layout-flow wp-block-group-is-layout-flow\">\n<p class=\"has-small-font-size\"><strong>Szko\u0142a J\u0119zykowa Dialog<\/strong> powsta\u0142a w 2006 roku. Jej za\u0142o\u017cycielem jest absolwent filologii angielskiej Wydzia\u0142u Humanistycznego Uniwersytetu Gda\u0144skiego Pawe\u0142 Mojsiuszko. Posiada on wieloletnie do\u015bwiadczenie jako lektor i nauczyciel j\u0119zyka angielskiego oraz jako t\u0142umacz. Przez ponad 10 lat zwi\u0105zany by\u0142 ze Szkol\u0105 J\u0119zykow\u0105 Felberg w Gda\u0144sku, gdzie z powodzeniem prowadzi\u0142 kursy j\u0119zykowe na r\u00f3\u017cnych poziomach zaawansowania.  Obecnie jego dzia\u0142alno\u015b\u0107 pedagogiczna i wychowawcza zwi\u0105zana jest ze Szko\u0142\u0105 Podstawow\u0105 nr 19 w Gda\u0144sku gdzie pracuje jako dyplomowany nauczyciel j\u0119zyka angielskiego. Jak sam m\u00f3wi, angielski i wszystko co z nim zwi\u0105zane to jego najwi\u0119ksza \u017cyciowa pasja. Szko\u0142a J\u0119zykowa Dialog jest niewielk\u0105, lecz bardzo perspektywicznie i dynamicznie rozwijaj\u0105c\u0105 si\u0119 plac\u00f3wk\u0105. Zdobywaj\u0105c zaufanie naszych m\u0142odych s\u0142uchaczy oraz ich rodzic\u00f3w z ka\u017cdym rokiem doskonalimy metody pracy, wzbogacamy nasze do\u015bwiadczenie oraz unowocze\u015bniamy spos\u00f3b prowadzenia zaj\u0119\u0107. W nauczaniu j\u0119zyk\u00f3w obcych potrafimy konsekwentnie i sukcesywnie realizowa\u0107 wyznaczone cele i zamierzenia edukacyjne. Specjalizujemy si\u0119 w nauczaniu j\u0119zyka angielskiego na r\u00f3\u017cnych poziomach zaawansowania. Nasi klienci ceni\u0105 sobie w nas solidno\u015b\u0107, profesjonalizm i zaanga\u017cowanie oraz indywidualne podej\u015bcie naszych lektor\u00f3w do ka\u017cdego s\u0142uchacza.<\/p>\n<\/div><\/div>\n\n\n\n<div class=\"wp-block-columns is-layout-flex wp-container-core-columns-is-layout-2 wp-block-columns-is-layout-flex\">\n<div class=\"wp-block-column is-layout-flow wp-block-column-is-layout-flow\" style=\"padding-right:var(--wp--preset--spacing--30);padding-left:var(--wp--preset--spacing--30)\">\n<p class=\"has-small-font-size\"><\/p>\n\n\n\n<div style=\"height:20px\" aria-hidden=\"true\" class=\"wp-block-spacer\"><\/div>\n<\/div>\n<\/div>\n\n\n\n<div class=\"wp-block-cover alignfull\" style=\"min-height:300px;aspect-ratio:unset;\"><span aria-hidden=\"true\" class=\"wp-block-cover__background has-neve-link-color-background-color has-background-dim-100 has-background-dim\"><\/span><div class=\"wp-block-cover__inner-container is-layout-flow wp-block-cover-is-layout-flow\">\n<div style=\"height:140px\" aria-hidden=\"true\" class=\"wp-block-spacer\"><\/div>\n\n\n\n<div class=\"wp-block-columns is-layout-flex wp-container-core-columns-is-layout-3 wp-block-columns-is-layout-flex\">\n<div class=\"wp-block-column is-layout-flow wp-block-column-is-layout-flow\" style=\"flex-basis:20%\"><\/div>\n\n\n\n<div class=\"wp-block-column is-layout-flow wp-block-column-is-layout-flow\" style=\"flex-basis:60%\">\n<div class=\"wp-block-group\"><div class=\"wp-block-group__inner-container is-layout-constrained wp-block-group-is-layout-constrained\">\n<div class=\"wp-block-buttons is-horizontal is-content-justification-center is-layout-flex wp-container-core-buttons-is-layout-2 wp-block-buttons-is-layout-flex\"><\/div>\n<\/div><\/div>\n<\/div>\n\n\n\n<div class=\"wp-block-column is-layout-flow wp-block-column-is-layout-flow\" style=\"flex-basis:20%\"><\/div>\n<\/div>\n<\/div><\/div>\n\n\n\n<p><\/p>\n","protected":false},"excerpt":{"rendered":"<p>Szko\u0142a J\u0119zykowa Dialog powsta\u0142a w 2006 roku. Jej za\u0142o\u017cycielem jest absolwent filologii angielskiej Wydzia\u0142u Humanistycznego Uniwersytetu Gda\u0144skiego Pawe\u0142 Mojsiuszko. Posiada on wieloletnie do\u015bwiadczenie jako lektor i nauczyciel j\u0119zyka angielskiego oraz jako t\u0142umacz. Przez ponad 10 lat zwi\u0105zany by\u0142 ze Szkol\u0105 J\u0119zykow\u0105 Felberg w Gda\u0144sku, gdzie z powodzeniem prowadzi\u0142 kursy j\u0119zykowe na r\u00f3\u017cnych poziomach zaawansowania. Obecnie&hellip;&nbsp;<a href=\"http:\/\/sjdialog.webd.pro\/\" rel=\"bookmark\">Dowiedz si\u0119 wi\u0119cej &raquo;<span class=\"screen-reader-text\">Strona g\u0142\u00f3wna<\/span><\/a><\/p>\n","protected":false},"author":1,"featured_media":0,"parent":0,"menu_order":0,"comment_status":"closed","ping_status":"closed","template":"","meta":{"neve_meta_sidebar":"default","neve_meta_container":"default","neve_meta_enable_content_width":"on","neve_meta_content_width":70,"neve_meta_title_alignment":"left","neve_meta_author_avatar":"","neve_post_elements_order":"","neve_meta_disable_header":"","neve_meta_disable_footer":"","neve_meta_disable_title":"on","footnotes":""},"class_list":["post-17","page","type-page","status-publish","hentry"],"_links":{"self":[{"href":"http:\/\/sjdialog.webd.pro\/index.php?rest_route=\/wp\/v2\/pages\/17"}],"collection":[{"href":"http:\/\/sjdialog.webd.pro\/index.php?rest_route=\/wp\/v2\/pages"}],"about":[{"href":"http:\/\/sjdialog.webd.pro\/index.php?rest_route=\/wp\/v2\/types\/page"}],"author":[{"embeddable":true,"href":"http:\/\/sjdialog.webd.pro\/index.php?rest_route=\/wp\/v2\/users\/1"}],"replies":[{"embeddable":true,"href":"http:\/\/sjdialog.webd.pro\/index.php?rest_route=%2Fwp%2Fv2%2Fcomments&post=17"}],"version-history":[{"count":26,"href":"http:\/\/sjdialog.webd.pro\/index.php?rest_route=\/wp\/v2\/pages\/17\/revisions"}],"predecessor-version":[{"id":127,"href":"http:\/\/sjdialog.webd.pro\/index.php?rest_route=\/wp\/v2\/pages\/17\/revisions\/127"}],"wp:attachment":[{"href":"http:\/\/sjdialog.webd.pro\/index.php?rest_route=%2Fwp%2Fv2%2Fmedia&parent=17"}],"curies":[{"name":"wp","href":"https:\/\/api.w.org\/{rel}","templated":true}]}}